{"id":37,"date":"2024-03-23T19:24:08","date_gmt":"2024-03-23T19:24:08","guid":{"rendered":"https:\/\/www.conwayshelter.org\/?page_id=37"},"modified":"2024-03-23T19:24:08","modified_gmt":"2024-03-23T19:24:08","slug":"kontakt","status":"publish","type":"page","link":"https:\/\/st-alfege.org\/?page_id=37","title":{"rendered":"Kontakt"},"content":{"rendered":"\n<p class=\"has-text-align-center\"><strong>Masz pytanie? Ch\u0119tnie s\u0142u\u017cymy pomoc\u0105!<\/strong><\/p>\n\n\n\n<!DOCTYPE html>\n<html lang=\"pl\">\n<head>\n    <meta charset=\"UTF-8\">\n    <title>Formularz Kontaktowy<\/title>\n<\/head>\n<body>\n    <h2>Formularz Kontaktowy<\/h2>\n    <form action=\"tutaj-wstaw-link-do-przetworzenia-formularza\" method=\"post\">\n        <label for=\"name\">Imi\u0119 i nazwisko:<\/label><br>\n        <input type=\"text\" id=\"name\" name=\"name\" required><br>\n        \n        <label for=\"email\">Email:<\/label><br>\n        <input type=\"email\" id=\"email\" name=\"email\" required><br>\n        \n        <label for=\"message\">Wiadomo\u015b\u0107:<\/label><br>\n        <textarea id=\"message\" name=\"message\" rows=\"4\" required><\/textarea><br>\n        \n        <input type=\"submit\" value=\"Wy\u015blij\">\n    <\/form>\n<\/body>\n<\/html>\n\n","protected":false},"excerpt":{"rendered":"<p>Masz pytanie? Ch\u0119tnie s\u0142u\u017cymy pomoc\u0105! Formularz Kontaktowy Formularz Kontaktowy Imi\u0119 i nazwisko: Email: Wiadomo\u015b\u0107:<\/p>\n","protected":false},"author":1,"featured_media":0,"parent":0,"menu_order":0,"comment_status":"closed","ping_status":"closed","template":"","meta":{"footnotes":""},"class_list":["post-37","page","type-page","status-publish","hentry"],"_links":{"self":[{"href":"https:\/\/st-alfege.org\/index.php?rest_route=\/wp\/v2\/pages\/37","targetHints":{"allow":["GET"]}}],"collection":[{"href":"https:\/\/st-alfege.org\/index.php?rest_route=\/wp\/v2\/pages"}],"about":[{"href":"https:\/\/st-alfege.org\/index.php?rest_route=\/wp\/v2\/types\/page"}],"author":[{"embeddable":true,"href":"https:\/\/st-alfege.org\/index.php?rest_route=\/wp\/v2\/users\/1"}],"replies":[{"embeddable":true,"href":"https:\/\/st-alfege.org\/index.php?rest_route=%2Fwp%2Fv2%2Fcomments&post=37"}],"version-history":[{"count":0,"href":"https:\/\/st-alfege.org\/index.php?rest_route=\/wp\/v2\/pages\/37\/revisions"}],"wp:attachment":[{"href":"https:\/\/st-alfege.org\/index.php?rest_route=%2Fwp%2Fv2%2Fmedia&parent=37"}],"curies":[{"name":"wp","href":"https:\/\/api.w.org\/{rel}","templated":true}]}}